{"id":53,"date":"2017-06-01T10:32:28","date_gmt":"2017-06-01T08:32:28","guid":{"rendered":"http:\/\/agil-expertise.com\/?page_id=53"},"modified":"2018-02-04T22:36:41","modified_gmt":"2018-02-04T21:36:41","slug":"externalisation-de-tout-ou-partie-de-vos-fonctions-support","status":"publish","type":"page","link":"https:\/\/agil-expertise.com\/index.php\/nos-expertises\/externalisation-de-tout-ou-partie-de-vos-fonctions-support\/","title":{"rendered":"Gestion externe de tout ou partie de vos fonctions support"},"content":{"rendered":"<p>[et_pb_section bb_built=\u00a0\u00bb1&Prime; admin_label=\u00a0\u00bbsection\u00a0\u00bb][et_pb_row admin_label=\u00a0\u00bbrow\u00a0\u00bb][et_pb_column type=\u00a0\u00bb2_3&Prime;][et_pb_image admin_label=\u00a0\u00bbImage\u00a0\u00bb src=\u00a0\u00bbhttps:\/\/agil-expertise.com\/wp-content\/uploads\/2017\/06\/business-2042283_1920.jpg\u00a0\u00bb show_in_lightbox=\u00a0\u00bboff\u00a0\u00bb url_new_window=\u00a0\u00bboff\u00a0\u00bb use_overlay=\u00a0\u00bboff\u00a0\u00bb animation=\u00a0\u00bbleft\u00a0\u00bb sticky=\u00a0\u00bboff\u00a0\u00bb align=\u00a0\u00bbleft\u00a0\u00bb force_fullwidth=\u00a0\u00bboff\u00a0\u00bb always_center_on_mobile=\u00a0\u00bbon\u00a0\u00bb use_border_color=\u00a0\u00bboff\u00a0\u00bb border_color=\u00a0\u00bb#ffffff\u00a0\u00bb border_style=\u00a0\u00bbsolid\u00a0\u00bb alt=\u00a0\u00bbservices num\u00e9riques agilit\u00e9 management transformation organisation humaine\u00a0\u00bb \/][\/et_pb_column][et_pb_column type=\u00a0\u00bb1_3&Prime;][et_pb_text admin_label=\u00a0\u00bbTexte\u00a0\u00bb background_layout=\u00a0\u00bblight\u00a0\u00bb text_orientation=\u00a0\u00bbleft\u00a0\u00bb use_border_color=\u00a0\u00bboff\u00a0\u00bb border_color=\u00a0\u00bb#ffffff\u00a0\u00bb border_style=\u00a0\u00bbsolid\u00a0\u00bb]<\/p>\n<p><strong>Gestion externe de tout ou partie de vos fonctions support<\/strong><\/p>\n<p style=\"text-align: justify;\"><u>Les moyens employ\u00e9s:<\/u> Les associ\u00e9s de AGIL&rsquo;EXPERTISE ainsi que les sous-traitants experts de notre r\u00e9seau vont vous assister de mani\u00e8re personnalis\u00e9e et en temps r\u00e9el pour la r\u00e9solution de vos probl\u00e8mes au quotidien. Ce support viendra en compl\u00e9ment des services supports dont vous disposez en interne ou en comblement des ressources qui vous manquent.<\/p>\n<p style=\"text-align: justify;\"><u>Notre objectif:<\/u> <strong>cr\u00e9er de la valeur<\/strong> pour votre organisation en lui permettant de lui faire profiter de la puissance d&rsquo;un back office complet pour un faible co\u00fbt et une forte agilit\u00e9.<\/p>\n<p><a href=\"https:\/\/agil-expertise.com\/index.php\/nos-expertises\/\">En savoir plus&#8230;<\/a><\/p>\n<p>[\/et_pb_text][\/et_pb_column][\/et_pb_row][\/et_pb_section]<\/p>\n","protected":false},"excerpt":{"rendered":"<p>Gestion externe de tout ou partie de vos fonctions support Les moyens employ\u00e9s: Les associ\u00e9s de AGIL&rsquo;EXPERTISE ainsi que les sous-traitants experts de notre r\u00e9seau vont vous assister de mani\u00e8re personnalis\u00e9e et en temps r\u00e9el pour la r\u00e9solution de vos probl\u00e8mes au quotidien. Ce support viendra en compl\u00e9ment des services supports dont vous disposez en [&hellip;]<\/p>\n","protected":false},"author":1,"featured_media":0,"parent":713,"menu_order":0,"comment_status":"closed","ping_status":"closed","template":"","meta":{"_et_pb_use_builder":"on","_et_pb_old_content":"<p style=\"text-align: justify;\"><u>Les moyens employ\u00e9s:<\/u> Les associ\u00e9s de AGIL'EXPERTISE ainsi que les sous-traitants experts de notre r\u00e9seau vont vous assister de mani\u00e8re personnalis\u00e9e et en temps r\u00e9el pour la r\u00e9solution de vos probl\u00e8mes au quotidien. Ce support viendra en compl\u00e9ment des services supports dont vous disposez en interne ou en comblement des ressources qui vous manquent.<\/p><p style=\"text-align: justify;\"><u>Notre objectif:<\/u> <strong>cr\u00e9er de la valeur<\/strong> pour votre organisation en lui permettant de lui faire profiter de la puissance d'un back office complet pour un faible co\u00fbt et une forte r\u00e9activit\u00e9.<\/p>","_et_gb_content_width":"","footnotes":""},"class_list":["post-53","page","type-page","status-publish","hentry"],"_links":{"self":[{"href":"https:\/\/agil-expertise.com\/index.php\/wp-json\/wp\/v2\/pages\/53","targetHints":{"allow":["GET"]}}],"collection":[{"href":"https:\/\/agil-expertise.com\/index.php\/wp-json\/wp\/v2\/pages"}],"about":[{"href":"https:\/\/agil-expertise.com\/index.php\/wp-json\/wp\/v2\/types\/page"}],"author":[{"embeddable":true,"href":"https:\/\/agil-expertise.com\/index.php\/wp-json\/wp\/v2\/users\/1"}],"replies":[{"embeddable":true,"href":"https:\/\/agil-expertise.com\/index.php\/wp-json\/wp\/v2\/comments?post=53"}],"version-history":[{"count":10,"href":"https:\/\/agil-expertise.com\/index.php\/wp-json\/wp\/v2\/pages\/53\/revisions"}],"predecessor-version":[{"id":488,"href":"https:\/\/agil-expertise.com\/index.php\/wp-json\/wp\/v2\/pages\/53\/revisions\/488"}],"up":[{"embeddable":true,"href":"https:\/\/agil-expertise.com\/index.php\/wp-json\/wp\/v2\/pages\/713"}],"wp:attachment":[{"href":"https:\/\/agil-expertise.com\/index.php\/wp-json\/wp\/v2\/media?parent=53"}],"curies":[{"name":"wp","href":"https:\/\/api.w.org\/{rel}","templated":true}]}}