{"id":359,"date":"2017-06-07T15:28:47","date_gmt":"2017-06-07T13:28:47","guid":{"rendered":"http:\/\/agil-expertise.com\/?page_id=359"},"modified":"2018-02-04T22:32:21","modified_gmt":"2018-02-04T21:32:21","slug":"savoir-plus-realisations-de-cedric-vattier","status":"publish","type":"page","link":"https:\/\/agil-expertise.com\/index.php\/savoir-plus-realisations-de-cedric-vattier\/","title":{"rendered":"En savoir plus sur les r\u00e9alisations de C\u00e9dric Vattier"},"content":{"rendered":"<p>[et_pb_section bb_built=\u00a0\u00bb1&Prime; admin_label=\u00a0\u00bbsection\u00a0\u00bb][et_pb_row admin_label=\u00a0\u00bbrow\u00a0\u00bb][et_pb_column type=\u00a0\u00bb4_4&Prime;][et_pb_text admin_label=\u00a0\u00bbTexte\u00a0\u00bb background_layout=\u00a0\u00bblight\u00a0\u00bb text_orientation=\u00a0\u00bbleft\u00a0\u00bb use_border_color=\u00a0\u00bboff\u00a0\u00bb border_color=\u00a0\u00bb#ffffff\u00a0\u00bb border_style=\u00a0\u00bbsolid\u00a0\u00bb]<\/p>\n<p><strong>C\u00e9dric Vattier, Directeur G\u00e9n\u00e9ral, cofondateur d&rsquo;Agil&rsquo;Expertise<\/strong><\/p>\n<p><strong>Exemples des r\u00e9alisations :<\/strong><\/p>\n<p><span class=\"background-details\">&#8211; Encadrement d&rsquo;\u00e9quipes informatiques\u00a0 (hotline \u2013 syst\u00e8me \u2013 r\u00e9seau et t\u00e9l\u00e9phonie &#8211; d\u00e9veloppement)<br \/>\n&#8211; Normalisation de l\u2019infrastructure pour externalisation des syst\u00e8mes et r\u00e9seaux en datacenter<br \/>\n&#8211; Mise en place d\u2019indicateurs, supervision et reporting, PMO<br \/>\n&#8211; Gestion des achats, de la relation fournisseurs et suivi du budget<br \/>\n&#8211; Animation et suivi de projets (T\u00e9l\u00e9phonie sur IP, SIRH, GED, Migration serveur et domaines de messagerie, migration l\u2019environnement SAN\u2026)<br \/>\n&#8211; Gestion des fusions acquisitions (supervision des d\u00e9ploiements informatiques, rapprochement des SI)<br \/>\n&#8211; Consolidation du LAN sur un Catalyst Cisco 6509<br \/>\n&#8211; Refonte du syst\u00e8me de sauvegardes avec d\u00e9duplication \u00e0 la source<br \/>\n&#8211; S\u00e9curisation et migration des donn\u00e9es sur un environnement SAN \/ NAS<br \/>\n&#8211; S\u00e9curisation des relais de messagerie et des \u00e9changes Internet<br \/>\n&#8211; Consolidation de l\u2019architecture virtuelle VMWare (cluster \u2013 vcenter)<br \/>\n&#8211; S\u00e9curisation et migration des serveurs sur des ch\u00e2ssis Blade (P2P \u2013 P2V)<br \/>\n&#8211; D\u00e9veloppement des services de t\u00e9l\u00e9phonie (T\u00e9l\u00e9conf\u00e9rence &#8211; Messagerie Unifi\u00e9e &#8211; Serveur Vocal Interactif)<br \/>\n&#8211; Rationalisation des co\u00fbts de l&rsquo;infrastructure ToIP (Asterisk &#8211; Trunk SIP)<\/span><\/p>\n<p>&nbsp;<\/p>\n<p>[\/et_pb_text][\/et_pb_column][\/et_pb_row][\/et_pb_section]<\/p>\n","protected":false},"excerpt":{"rendered":"<p>C\u00e9dric Vattier, Directeur G\u00e9n\u00e9ral, cofondateur d&rsquo;Agil&rsquo;Expertise Exemples des r\u00e9alisations : &#8211; Encadrement d&rsquo;\u00e9quipes informatiques\u00a0 (hotline \u2013 syst\u00e8me \u2013 r\u00e9seau et t\u00e9l\u00e9phonie &#8211; d\u00e9veloppement) &#8211; Normalisation de l\u2019infrastructure pour externalisation des syst\u00e8mes et r\u00e9seaux en datacenter &#8211; Mise en place d\u2019indicateurs, supervision et reporting, PMO &#8211; Gestion des achats, de la relation fournisseurs et suivi du [&hellip;]<\/p>\n","protected":false},"author":1,"featured_media":0,"parent":0,"menu_order":0,"comment_status":"closed","ping_status":"closed","template":"","meta":{"_et_pb_use_builder":"on","_et_pb_old_content":"","_et_gb_content_width":"","footnotes":""},"class_list":["post-359","page","type-page","status-publish","hentry"],"_links":{"self":[{"href":"https:\/\/agil-expertise.com\/index.php\/wp-json\/wp\/v2\/pages\/359","targetHints":{"allow":["GET"]}}],"collection":[{"href":"https:\/\/agil-expertise.com\/index.php\/wp-json\/wp\/v2\/pages"}],"about":[{"href":"https:\/\/agil-expertise.com\/index.php\/wp-json\/wp\/v2\/types\/page"}],"author":[{"embeddable":true,"href":"https:\/\/agil-expertise.com\/index.php\/wp-json\/wp\/v2\/users\/1"}],"replies":[{"embeddable":true,"href":"https:\/\/agil-expertise.com\/index.php\/wp-json\/wp\/v2\/comments?post=359"}],"version-history":[{"count":4,"href":"https:\/\/agil-expertise.com\/index.php\/wp-json\/wp\/v2\/pages\/359\/revisions"}],"predecessor-version":[{"id":378,"href":"https:\/\/agil-expertise.com\/index.php\/wp-json\/wp\/v2\/pages\/359\/revisions\/378"}],"wp:attachment":[{"href":"https:\/\/agil-expertise.com\/index.php\/wp-json\/wp\/v2\/media?parent=359"}],"curies":[{"name":"wp","href":"https:\/\/api.w.org\/{rel}","templated":true}]}}