{"id":1277,"date":"2019-07-19T19:58:36","date_gmt":"2019-07-19T17:58:36","guid":{"rendered":"http:\/\/agil-expertise.com\/?page_id=1277"},"modified":"2019-08-25T19:42:29","modified_gmt":"2019-08-25T17:42:29","slug":"pole_dsi","status":"publish","type":"page","link":"https:\/\/agil-expertise.com\/index.php\/pole_dsi\/","title":{"rendered":"Pole DSI"},"content":{"rendered":"<p>[et_pb_section fb_built=\u00a0\u00bb1&Prime; fullwidth=\u00a0\u00bbon\u00a0\u00bb _builder_version=\u00a0\u00bb3.22&Prime; custom_padding=\u00a0\u00bb0px|0px|0px|0px\u00a0\u00bb][et_pb_fullwidth_image src=\u00a0\u00bbhttps:\/\/agil-expertise.com\/wp-content\/uploads\/2019\/07\/cup-of-coffee-1280537_1920.jpg\u00a0\u00bb _builder_version=\u00a0\u00bb3.0.72&Prime; animation_style=\u00a0\u00bbslide\u00a0\u00bb animation_direction=\u00a0\u00bbleft\u00a0\u00bb animation_duration=\u00a0\u00bb500ms\u00a0\u00bb animation_intensity_slide=\u00a0\u00bb10%\u00a0\u00bb][\/et_pb_fullwidth_image][et_pb_fullwidth_header title=\u00a0\u00bbP\u00f4le Direction des Syst\u00e8mes d&rsquo;Information\u00a0\u00bb _builder_version=\u00a0\u00bb3.26.3&Prime; min_height=\u00a0\u00bb180px\u00a0\u00bb]<\/p>\n<p><span style=\"font-size: large;\"><span style=\"color: #ff6600;\"><\/span><\/span><\/p>\n<p><span style=\"font-size: large;\">AGIL&rsquo;EXPERTISE se compose d&rsquo;un ensemble de consultants exp\u00e9riment\u00e9s et op\u00e9rationnels permettant de traiter des projets transverses, en gommant les antagonistes m\u00e9tiers.<\/span><\/p>\n<p class=\"\"><span style=\"font-size: large;\"><span style=\"color: #ffffff;\"><a href=\"https:\/\/agil-expertise.com\/index.php\/nos-experts\/\" title=\"C\u00e9dric VATTIER\" style=\"color: #ffffff;\">C\u00e9dric VATTIER<\/a><\/span><a href=\"https:\/\/agil-expertise.com\/index.php\/nos-experts\/\"><\/a> anime le p\u00f4le DSI, fort d&rsquo;une exp\u00e9rience de 20 ans dans la gestion des syst\u00e8mes d&rsquo;information et place l&rsquo;utilisateur et les m\u00e9tiers au centre des projets.<\/span><\/p>\n<p>[\/et_pb_fullwidth_header][\/et_pb_section][et_pb_section fb_built=\u00a0\u00bb1&Prime; admin_label=\u00a0\u00bbsection\u00a0\u00bb _builder_version=\u00a0\u00bb3.22&Prime; min_height=\u00a0\u00bb1430px\u00a0\u00bb custom_padding=\u00a0\u00bb0px|0px|54px|0px\u00a0\u00bb][et_pb_row column_structure=\u00a0\u00bb1_2,1_2&Prime; custom_padding=\u00a0\u00bb31px|0px|27px|0px\u00a0\u00bb custom_margin=\u00a0\u00bb-33px|auto||auto||\u00a0\u00bb _builder_version=\u00a0\u00bb3.25&Prime; background_size=\u00a0\u00bbinitial\u00a0\u00bb background_position=\u00a0\u00bbtop_left\u00a0\u00bb background_repeat=\u00a0\u00bbrepeat\u00a0\u00bb min_height=\u00a0\u00bb523px\u00a0\u00bb][et_pb_column type=\u00a0\u00bb1_2&Prime; _builder_version=\u00a0\u00bb3.25&Prime; custom_padding=\u00a0\u00bb|||\u00a0\u00bb custom_padding__hover=\u00a0\u00bb|||\u00a0\u00bb][et_pb_image src=\u00a0\u00bbhttps:\/\/agil-expertise.com\/wp-content\/uploads\/2019\/07\/target-1506091_1920.jpg\u00a0\u00bb align_tablet=\u00a0\u00bbcenter\u00a0\u00bb align_last_edited=\u00a0\u00bbon|desktop\u00a0\u00bb _builder_version=\u00a0\u00bb3.23&Prime; animation_style=\u00a0\u00bbslide\u00a0\u00bb animation_direction=\u00a0\u00bbleft\u00a0\u00bb animation_duration=\u00a0\u00bb500ms\u00a0\u00bb animation_intensity_slide=\u00a0\u00bb10%\u00a0\u00bb][\/et_pb_image][\/et_pb_column][et_pb_column type=\u00a0\u00bb1_2&Prime; _builder_version=\u00a0\u00bb3.25&Prime; custom_padding=\u00a0\u00bb|||\u00a0\u00bb custom_padding__hover=\u00a0\u00bb|||\u00a0\u00bb][et_pb_text _builder_version=\u00a0\u00bb3.0.74&Prime; background_size=\u00a0\u00bbinitial\u00a0\u00bb background_position=\u00a0\u00bbtop_left\u00a0\u00bb background_repeat=\u00a0\u00bbrepeat\u00a0\u00bb]<\/p>\n<p><span style=\"text-decoration: underline; color: #ff6600; font-size: large;\">Direction&nbsp; \/ Gouvernance \/ Strat&eacute;gie \/ Organisation des SI<\/span><\/p>\n<p><span style=\"text-decoration: underline; color: #ff6600; font-size: large;\">Assistance &agrave; Maitrise d&rsquo;Ouvrage (AMOA) \/ Projets<\/span><\/p>\n<p>En fonction de vos besoins, nous proposons un accompagnement op&eacute;rationnel, toujours en lien avec vos objectifs.<\/p>\n<p class=\"\">La recherche de valeurs est constante dans la gestion de nos projets.<\/p>\n<p class=\"\">Quelques exemples de projets :<\/p>\n<p class=\"\">DSI \/ Sch&eacute;ma directeur \/ Migration Cloud \/ Plan de reprise Informatique \/ Audit Infrastructure \/ AMOA logiciel \/ Migration t&eacute;l&eacute;com \/ &#8230;<\/p>\n<p>[\/et_pb_text][\/et_pb_column][\/et_pb_row][et_pb_row column_structure=\u00a0\u00bb1_2,1_2&Prime; _builder_version=\u00a0\u00bb3.25&Prime; background_size=\u00a0\u00bbinitial\u00a0\u00bb background_position=\u00a0\u00bbtop_left\u00a0\u00bb background_repeat=\u00a0\u00bbrepeat\u00a0\u00bb][et_pb_column type=\u00a0\u00bb1_2&Prime; _builder_version=\u00a0\u00bb3.25&Prime; custom_padding=\u00a0\u00bb|||\u00a0\u00bb custom_padding__hover=\u00a0\u00bb|||\u00a0\u00bb][et_pb_image src=\u00a0\u00bbhttps:\/\/agil-expertise.com\/wp-content\/uploads\/2019\/07\/post-it-2414921_1920.jpg\u00a0\u00bb align_tablet=\u00a0\u00bbcenter\u00a0\u00bb align_last_edited=\u00a0\u00bbon|desktop\u00a0\u00bb _builder_version=\u00a0\u00bb3.23&Prime; animation_style=\u00a0\u00bbslide\u00a0\u00bb animation_direction=\u00a0\u00bbleft\u00a0\u00bb animation_duration=\u00a0\u00bb500ms\u00a0\u00bb animation_intensity_slide=\u00a0\u00bb10%\u00a0\u00bb][\/et_pb_image][\/et_pb_column][et_pb_column type=\u00a0\u00bb1_2&Prime; _builder_version=\u00a0\u00bb3.25&Prime; custom_padding=\u00a0\u00bb|||\u00a0\u00bb custom_padding__hover=\u00a0\u00bb|||\u00a0\u00bb][et_pb_text _builder_version=\u00a0\u00bb3.26.3&Prime; background_size=\u00a0\u00bbinitial\u00a0\u00bb background_position=\u00a0\u00bbtop_left\u00a0\u00bb background_repeat=\u00a0\u00bbrepeat\u00a0\u00bb]<\/p>\n<p><span style=\"text-decoration: underline; color: #ff6600; font-size: large;\">Adoptez les m\u00e9thodes agiles.<\/span><\/p>\n<p>Nous vous accompagnons sur la m\u00e9thode et sa mise en oeuvre.<\/p>\n<p>Nos \u00e9quipes peuvent \u00e9galement vous proposer une d\u00e9marche DevOps.<\/p>\n<p>[\/et_pb_text][\/et_pb_column][\/et_pb_row][et_pb_row column_structure=\u00a0\u00bb1_2,1_2&Prime; _builder_version=\u00a0\u00bb3.25&Prime; background_size=\u00a0\u00bbinitial\u00a0\u00bb background_position=\u00a0\u00bbtop_left\u00a0\u00bb background_repeat=\u00a0\u00bbrepeat\u00a0\u00bb][et_pb_column type=\u00a0\u00bb1_2&Prime; _builder_version=\u00a0\u00bb3.25&Prime; custom_padding=\u00a0\u00bb|||\u00a0\u00bb custom_padding__hover=\u00a0\u00bb|||\u00a0\u00bb][et_pb_image src=\u00a0\u00bbhttps:\/\/agil-expertise.com\/wp-content\/uploads\/2019\/07\/europe-3256079_1920.jpg\u00a0\u00bb align_tablet=\u00a0\u00bbcenter\u00a0\u00bb align_last_edited=\u00a0\u00bbon|desktop\u00a0\u00bb _builder_version=\u00a0\u00bb3.23&Prime; animation_style=\u00a0\u00bbslide\u00a0\u00bb animation_direction=\u00a0\u00bbleft\u00a0\u00bb animation_duration=\u00a0\u00bb500ms\u00a0\u00bb animation_intensity_slide=\u00a0\u00bb10%\u00a0\u00bb][\/et_pb_image][\/et_pb_column][et_pb_column type=\u00a0\u00bb1_2&Prime; _builder_version=\u00a0\u00bb3.25&Prime; custom_padding=\u00a0\u00bb|||\u00a0\u00bb custom_padding__hover=\u00a0\u00bb|||\u00a0\u00bb][et_pb_text _builder_version=\u00a0\u00bb3.0.74&Prime; background_size=\u00a0\u00bbinitial\u00a0\u00bb background_position=\u00a0\u00bbtop_left\u00a0\u00bb background_repeat=\u00a0\u00bbrepeat\u00a0\u00bb]<\/p>\n<p><span style=\"text-decoration: underline; color: #ff6600; font-size: x-large;\">RGPD \/ GPDR.<\/span><\/p>\n<p class=\"\">\n<p>Audit \/ Accompagnement.<\/p>\n<p class=\"\">\n<p>Profitez de cette nouvelle r&eacute;glementation pour optimiser les processus internes &agrave; votre organisation.<\/p>\n<p>[\/et_pb_text][\/et_pb_column][\/et_pb_row][et_pb_row column_structure=\u00a0\u00bb1_2,1_2&Prime; _builder_version=\u00a0\u00bb3.25&Prime; background_size=\u00a0\u00bbinitial\u00a0\u00bb background_position=\u00a0\u00bbtop_left\u00a0\u00bb background_repeat=\u00a0\u00bbrepeat\u00a0\u00bb][et_pb_column type=\u00a0\u00bb1_2&Prime; _builder_version=\u00a0\u00bb3.25&Prime; custom_padding=\u00a0\u00bb|||\u00a0\u00bb custom_padding__hover=\u00a0\u00bb|||\u00a0\u00bb][et_pb_image src=\u00a0\u00bbhttps:\/\/agil-expertise.com\/wp-content\/uploads\/2019\/07\/adult-education-583693_1920.jpg\u00a0\u00bb align_tablet=\u00a0\u00bbcenter\u00a0\u00bb align_last_edited=\u00a0\u00bbon|desktop\u00a0\u00bb _builder_version=\u00a0\u00bb3.23&Prime; animation_style=\u00a0\u00bbslide\u00a0\u00bb animation_direction=\u00a0\u00bbleft\u00a0\u00bb animation_duration=\u00a0\u00bb500ms\u00a0\u00bb animation_intensity_slide=\u00a0\u00bb10%\u00a0\u00bb][\/et_pb_image][\/et_pb_column][et_pb_column type=\u00a0\u00bb1_2&Prime; _builder_version=\u00a0\u00bb3.25&Prime; custom_padding=\u00a0\u00bb|||\u00a0\u00bb custom_padding__hover=\u00a0\u00bb|||\u00a0\u00bb][et_pb_text _builder_version=\u00a0\u00bb3.0.74&Prime; background_size=\u00a0\u00bbinitial\u00a0\u00bb background_position=\u00a0\u00bbtop_left\u00a0\u00bb background_repeat=\u00a0\u00bbrepeat\u00a0\u00bb]<\/p>\n<p><span style=\"text-decoration: underline; color: #ff6600; font-size: x-large;\">Formations Techniques.<\/span><\/p>\n<p>Nous intervenons aupr&egrave;s d&rsquo;universit&eacute; et d&rsquo;&eacute;coles &agrave; partir du Master.<\/p>\n<p>Consultez-nous pour des sujets.<\/p>\n<p>[\/et_pb_text][\/et_pb_column][\/et_pb_row][\/et_pb_section]<\/p>\n","protected":false},"excerpt":{"rendered":"<p>AGIL&rsquo;EXPERTISE se compose d&rsquo;un ensemble de consultants exp\u00e9riment\u00e9s et op\u00e9rationnels permettant de traiter des projets transverses, en gommant les antagonistes m\u00e9tiers. C\u00e9dric VATTIER anime le p\u00f4le DSI, fort d&rsquo;une exp\u00e9rience de 20 ans dans la gestion des syst\u00e8mes d&rsquo;information et place l&rsquo;utilisateur et les m\u00e9tiers au centre des projets.Direction&nbsp; \/ Gouvernance \/ Strat&eacute;gie \/ Organisation [&hellip;]<\/p>\n","protected":false},"author":1,"featured_media":0,"parent":0,"menu_order":0,"comment_status":"closed","ping_status":"closed","template":"","meta":{"_et_pb_use_builder":"on","_et_pb_old_content":"","_et_gb_content_width":"","footnotes":""},"class_list":["post-1277","page","type-page","status-publish","hentry"],"_links":{"self":[{"href":"https:\/\/agil-expertise.com\/index.php\/wp-json\/wp\/v2\/pages\/1277","targetHints":{"allow":["GET"]}}],"collection":[{"href":"https:\/\/agil-expertise.com\/index.php\/wp-json\/wp\/v2\/pages"}],"about":[{"href":"https:\/\/agil-expertise.com\/index.php\/wp-json\/wp\/v2\/types\/page"}],"author":[{"embeddable":true,"href":"https:\/\/agil-expertise.com\/index.php\/wp-json\/wp\/v2\/users\/1"}],"replies":[{"embeddable":true,"href":"https:\/\/agil-expertise.com\/index.php\/wp-json\/wp\/v2\/comments?post=1277"}],"version-history":[{"count":23,"href":"https:\/\/agil-expertise.com\/index.php\/wp-json\/wp\/v2\/pages\/1277\/revisions"}],"predecessor-version":[{"id":1393,"href":"https:\/\/agil-expertise.com\/index.php\/wp-json\/wp\/v2\/pages\/1277\/revisions\/1393"}],"wp:attachment":[{"href":"https:\/\/agil-expertise.com\/index.php\/wp-json\/wp\/v2\/media?parent=1277"}],"curies":[{"name":"wp","href":"https:\/\/api.w.org\/{rel}","templated":true}]}}